{"id":2689,"date":"2022-03-09T20:41:06","date_gmt":"2022-03-09T20:41:06","guid":{"rendered":"https:\/\/www.escapeforest.es\/?page_id=2689"},"modified":"2022-03-09T20:44:25","modified_gmt":"2022-03-09T20:44:25","slug":"calendario-la-ultima-senal-2-0-grupos","status":"publish","type":"page","link":"https:\/\/www.escapeforest.es\/ca\/calendario-la-ultima-senal-2-0-grupos\/","title":{"rendered":"Calendario la \u00faltima se\u00f1al 2.0 Grupos"},"content":{"rendered":"<div data-elementor-type=\"wp-page\" data-elementor-id=\"2689\" class=\"elementor elementor-2689\">\n\t\t\t\t\t\t\t\t\t<section class=\"elementor-section elementor-top-section elementor-element elementor-element-43bfa46 elementor-section-full_width elementor-section-stretched elementor-section-height-default elementor-section-height-default\" data-id=\"43bfa46\" data-element_type=\"section\" data-settings=\"{&quot;stretch_section&quot;:&quot;section-stretched&quot;}\">\n\t\t\t\t\t\t<div class=\"elementor-container elementor-column-gap-default\">\n\t\t\t\t\t<div class=\"elementor-column elementor-col-100 elementor-top-column elementor-element elementor-element-38cf951\" data-id=\"38cf951\" data-element_type=\"column\">\n\t\t\t<div class=\"elementor-widget-wrap elementor-element-populated\">\n\t\t\t\t\t\t\t\t<div class=\"elementor-element elementor-element-0af0848 elementor-widget elementor-widget-heading\" data-id=\"0af0848\" data-element_type=\"widget\" data-widget_type=\"heading.default\">\n\t\t\t\t<div class=\"elementor-widget-container\">\n\t\t\t<p class=\"elementor-heading-title elementor-size-default\">Zona de reclutamiento<\/p>\t\t<\/div>\n\t\t\t\t<\/div>\n\t\t\t\t\t<\/div>\n\t\t<\/div>\n\t\t\t\t\t\t\t<\/div>\n\t\t<\/section>\n\t\t\t\t<section class=\"elementor-section elementor-top-section elementor-element elementor-element-1ccfad7 elementor-section-full_width elementor-section-stretched elementor-section-height-default elementor-section-height-default\" data-id=\"1ccfad7\" data-element_type=\"section\" data-settings=\"{&quot;stretch_section&quot;:&quot;section-stretched&quot;}\">\n\t\t\t\t\t\t<div class=\"elementor-container elementor-column-gap-default\">\n\t\t\t\t\t<div class=\"elementor-column elementor-col-100 elementor-top-column elementor-element elementor-element-47b83b0\" data-id=\"47b83b0\" data-element_type=\"column\">\n\t\t\t<div class=\"elementor-widget-wrap elementor-element-populated\">\n\t\t\t\t\t\t\t\t<div class=\"elementor-element elementor-element-39438ce elementor-headline--style-highlight elementor-widget elementor-widget-animated-headline\" data-id=\"39438ce\" data-element_type=\"widget\" data-settings=\"{&quot;highlighted_text&quot;:&quot; 20 personas&quot;,&quot;headline_style&quot;:&quot;highlight&quot;,&quot;marker&quot;:&quot;circle&quot;,&quot;loop&quot;:&quot;yes&quot;,&quot;highlight_animation_duration&quot;:1200,&quot;highlight_iteration_delay&quot;:8000}\" data-widget_type=\"animated-headline.default\">\n\t\t\t\t<div class=\"elementor-widget-container\">\n\t\t\t\t\t<h3 class=\"elementor-headline\">\n\t\t\t\t\t<span class=\"elementor-headline-plain-text elementor-headline-text-wrapper\">Grupos juego hasta<\/span>\n\t\t\t\t<span class=\"elementor-headline-dynamic-wrapper elementor-headline-text-wrapper\">\n\t\t\t\t\t<span class=\"elementor-headline-dynamic-text elementor-headline-text-active\"> 20 personas<\/span>\n\t\t\t\t<\/span>\n\t\t\t\t<\/h3>\n\t\t\t\t<\/div>\n\t\t\t\t<\/div>\n\t\t\t\t<div class=\"elementor-element elementor-element-b1a623b elementor-widget elementor-widget-text-editor\" data-id=\"b1a623b\" data-element_type=\"widget\" data-widget_type=\"text-editor.default\">\n\t\t\t\t<div class=\"elementor-widget-container\">\n\t\t\t\t\t\t\t<p>Grupos numerosos misma misi\u00f3n\u00a0<\/p><p>Cada reserva se contar\u00e1 como un solo equipo de un m\u00e1ximo de hasta 20 personas.\u00a0<\/p><p>\u00bfSoys aptos para entrar en nuestro cuerpo especial?<\/p><p>Si quer\u00e9is averiguarlo, re\u00fane a vuestro equipo y reservar dia y hora<\/p><p style=\"text-align: center;\"><span style=\"text-decoration: underline;\">Selecciona dia y hora para iniciar vuestra misi\u00f3n.<\/span><\/p><ul><li><strong>12:00 Misi\u00f3n Echo<\/strong><\/li><\/ul>\t\t\t\t\t\t<\/div>\n\t\t\t\t<\/div>\n\t\t\t\t\t<\/div>\n\t\t<\/div>\n\t\t\t\t\t\t\t<\/div>\n\t\t<\/section>\n\t\t\t\t<section class=\"elementor-section elementor-top-section elementor-element elementor-element-19dffea elementor-section-full_width elementor-section-stretched elementor-section-height-default elementor-section-height-default\" data-id=\"19dffea\" data-element_type=\"section\" data-settings=\"{&quot;stretch_section&quot;:&quot;section-stretched&quot;}\">\n\t\t\t\t\t\t<div class=\"elementor-container elementor-column-gap-default\">\n\t\t\t\t\t<div class=\"elementor-column elementor-col-100 elementor-top-column elementor-element elementor-element-d624f0f\" data-id=\"d624f0f\" data-element_type=\"column\">\n\t\t\t<div class=\"elementor-widget-wrap elementor-element-populated\">\n\t\t\t\t\t\t\t\t<div class=\"elementor-element elementor-element-7d2d3bb elementor-widget elementor-widget-shortcode\" data-id=\"7d2d3bb\" data-element_type=\"widget\" data-widget_type=\"shortcode.default\">\n\t\t\t\t<div class=\"elementor-widget-container\">\n\t\t\t\t\t<div class=\"elementor-shortcode\"><div id=\"app\" data-type=\"booking\" data-calendarstyle=\"Dark|Light\" data-textstyle=\"Dark|Light\" data-game=\"416\" data-calendar=\"416\" data-lang=\"es\" data-token=\"hijudoLbwzDXx8Wa\"><\/div><\/div>\n\t\t\t\t<\/div>\n\t\t\t\t<\/div>\n\t\t\t\t\t<\/div>\n\t\t<\/div>\n\t\t\t\t\t\t\t<\/div>\n\t\t<\/section>\n\t\t\t\t\t\t\t<\/div>","protected":false},"excerpt":{"rendered":"<p>Zona de reclutamiento Grupos juego hasta 20 personas Grupos numerosos misma misi\u00f3n\u00a0 Cada reserva se contar\u00e1 como un solo equipo de un m\u00e1ximo de hasta 20 personas.\u00a0 \u00bfSoys aptos para entrar en nuestro cuerpo especial? Si quer\u00e9is averiguarlo, re\u00fane a vuestro equipo y reservar dia y hora Selecciona dia y hora para iniciar vuestra misi\u00f3n. [&hellip;]<\/p>","protected":false},"author":1,"featured_media":0,"parent":0,"menu_order":0,"comment_status":"closed","ping_status":"closed","template":"","meta":{"footnotes":""},"class_list":["post-2689","page","type-page","status-publish","hentry"],"jetpack_sharing_enabled":true,"_links":{"self":[{"href":"https:\/\/www.escapeforest.es\/ca\/wp-json\/wp\/v2\/pages\/2689"}],"collection":[{"href":"https:\/\/www.escapeforest.es\/ca\/wp-json\/wp\/v2\/pages"}],"about":[{"href":"https:\/\/www.escapeforest.es\/ca\/wp-json\/wp\/v2\/types\/page"}],"author":[{"embeddable":true,"href":"https:\/\/www.escapeforest.es\/ca\/wp-json\/wp\/v2\/users\/1"}],"replies":[{"embeddable":true,"href":"https:\/\/www.escapeforest.es\/ca\/wp-json\/wp\/v2\/comments?post=2689"}],"version-history":[{"count":7,"href":"https:\/\/www.escapeforest.es\/ca\/wp-json\/wp\/v2\/pages\/2689\/revisions"}],"predecessor-version":[{"id":2696,"href":"https:\/\/www.escapeforest.es\/ca\/wp-json\/wp\/v2\/pages\/2689\/revisions\/2696"}],"wp:attachment":[{"href":"https:\/\/www.escapeforest.es\/ca\/wp-json\/wp\/v2\/media?parent=2689"}],"curies":[{"name":"wp","href":"https:\/\/api.w.org\/{rel}","templated":true}]}}