{"id":2772,"date":"2022-05-03T08:42:00","date_gmt":"2022-05-03T08:42:00","guid":{"rendered":"https:\/\/www.escapeforest.es\/?page_id=2772"},"modified":"2022-11-16T12:48:56","modified_gmt":"2022-11-16T12:48:56","slug":"aviso-legal","status":"publish","type":"page","link":"https:\/\/www.escapeforest.es\/ca\/aviso-legal\/","title":{"rendered":"Aviso legal"},"content":{"rendered":"<div data-elementor-type=\"wp-page\" data-elementor-id=\"2772\" class=\"elementor elementor-2772\">\n\t\t\t\t\t\t\t\t\t<section class=\"elementor-section elementor-top-section elementor-element elementor-element-73f943c elementor-section-stretched elementor-section-boxed elementor-section-height-default elementor-section-height-default\" data-id=\"73f943c\" data-element_type=\"section\" data-settings=\"{&quot;stretch_section&quot;:&quot;section-stretched&quot;,&quot;background_background&quot;:&quot;classic&quot;}\">\n\t\t\t\t\t\t<div class=\"elementor-container elementor-column-gap-default\">\n\t\t\t\t\t<div class=\"elementor-column elementor-col-100 elementor-top-column elementor-element elementor-element-127ddef\" data-id=\"127ddef\" data-element_type=\"column\">\n\t\t\t<div class=\"elementor-widget-wrap elementor-element-populated\">\n\t\t\t\t\t\t\t\t<div class=\"elementor-element elementor-element-30eb56a elementor-widget elementor-widget-heading\" data-id=\"30eb56a\" data-element_type=\"widget\" data-widget_type=\"heading.default\">\n\t\t\t\t<div class=\"elementor-widget-container\">\n\t\t\t<h2 class=\"elementor-heading-title elementor-size-default\">Aviso Legal<\/h2>\t\t<\/div>\n\t\t\t\t<\/div>\n\t\t\t\t<div class=\"elementor-element elementor-element-70d0dff elementor-widget elementor-widget-text-editor\" data-id=\"70d0dff\" data-element_type=\"widget\" data-widget_type=\"text-editor.default\">\n\t\t\t\t<div class=\"elementor-widget-container\">\n\t\t\t\t\t\t\t<p>Introducci\u00f3n.<\/p><p>El acceso a ESTE MEDIO Y\/O ENTORNO DIGITAL se encuentra condicionado a la previa lectura y aceptaci\u00f3n por parte de cualquier usuario de los t\u00e9rminos, condiciones, comunicaciones, advertencias y dem\u00e1s avisos legales contenidos en el presente clausulado.<\/p><p>\u00a0<\/p><p>Si el usuario no estuviera de acuerdo con el contenido de los presentes T\u00e9rminos y Condiciones de navegaci\u00f3n deber\u00e1 abandonar ESTE MEDIO Y\/O ENTORNO DIGITAL, no pudiendo acceder ni disponer de los servicios que \u00e9sta ofrece.<\/p><p>\u00a0<\/p><p>El acceso a ESTE MEDIO Y\/O ENTORNO DIGITAL tiene car\u00e1cter gratuito, sin perjuicio de la necesidad de que el usuario se registre la primera vez que desee utilizar los servicios ofrecidos a trav\u00e9s de la misma.<\/p><p>\u00a0<\/p><p>El usuario declara ser mayor de edad y disponer de la capacidad jur\u00eddica suficiente para vincularse por las presentes T\u00e9rminos y condiciones. Igualmente, acepta de forma expresa y sin excepciones que el acceso y la utilizaci\u00f3n del presente MEDIO Y\/O ENTORNO DIGITAL, de sus servicios y de los contenidos de dichos servicios tiene lugar bajo su \u00fanica y exclusiva responsabilidad.<\/p><p>\u00a0<\/p><p>Las conexiones con otros sitios A ESTE MEDIO Y\/O ENTORNO DIGITAL que pudieran existir as\u00ed como el uso que el usuario pueda hacer de las mismas est\u00e1 sujeto a los presentes T\u00e9rminos y Condiciones de uso as\u00ed como a los eventuales condicionados espec\u00edficos que ESTE MEDIO Y\/O ENTORNO DIGITAL requiera. Cualquier utilizaci\u00f3n distinta a la autorizada est\u00e1 expresamente prohibida.<\/p><p>\u00a0<\/p><p>El Responsable de ESTE MEDIO Y\/O ENTORNO DIGITAL podr\u00e1 modificar de modo unilateral, en cualquier momento que estime oportuno la configuraci\u00f3n del presente MEDIO Y\/O ENTORNO DIGITAL, las condiciones de uso y servicio as\u00ed como sus contenidos. Del mismo modo, podr\u00e1 eliminarlos, limitarlos o suspenderlos de manera temporal o definitiva, as\u00ed como impedir el acceso procurando informar al usuario de dicho cambio a trav\u00e9s de su correo electr\u00f3nico o bien a trav\u00e9s de su publicaci\u00f3n en ESTE MEDIO Y\/O ENTORNO DIGITAL, siempre y cuando las circunstancias as\u00ed se lo permitan.<\/p>\t\t\t\t\t\t<\/div>\n\t\t\t\t<\/div>\n\t\t\t\t<div class=\"elementor-element elementor-element-774a111 elementor-widget-divider--view-line elementor-widget elementor-widget-divider\" data-id=\"774a111\" data-element_type=\"widget\" data-widget_type=\"divider.default\">\n\t\t\t\t<div class=\"elementor-widget-container\">\n\t\t\t\t\t<div class=\"elementor-divider\">\n\t\t\t<span class=\"elementor-divider-separator\">\n\t\t\t\t\t\t<\/span>\n\t\t<\/div>\n\t\t\t\t<\/div>\n\t\t\t\t<\/div>\n\t\t\t\t\t<\/div>\n\t\t<\/div>\n\t\t\t\t\t\t\t<\/div>\n\t\t<\/section>\n\t\t\t\t<section class=\"elementor-section elementor-top-section elementor-element elementor-element-0b45a19 elementor-section-stretched elementor-section-boxed elementor-section-height-default elementor-section-height-default\" data-id=\"0b45a19\" data-element_type=\"section\" data-settings=\"{&quot;stretch_section&quot;:&quot;section-stretched&quot;,&quot;background_background&quot;:&quot;classic&quot;}\">\n\t\t\t\t\t\t<div class=\"elementor-container elementor-column-gap-default\">\n\t\t\t\t\t<div class=\"elementor-column elementor-col-100 elementor-top-column elementor-element elementor-element-dd20a00\" data-id=\"dd20a00\" data-element_type=\"column\">\n\t\t\t<div class=\"elementor-widget-wrap elementor-element-populated\">\n\t\t\t\t\t\t\t\t<div class=\"elementor-element elementor-element-5e78db1 elementor-widget elementor-widget-text-editor\" data-id=\"5e78db1\" data-element_type=\"widget\" data-widget_type=\"text-editor.default\">\n\t\t\t\t<div class=\"elementor-widget-container\">\n\t\t\t\t\t\t\t<p><strong>2. Identidad del titular de este medio y\/o entorno digital<\/strong><\/p><p>Los datos identificativos del responsable de ESTE MEDIO Y\/O ENTORNO DIGITAL son los siguientes:<\/p><p>anteriormente ALBING PRODUCTIONS S.L. ha modificado la denominaci\u00f3n social a ESCAPE FOREST S.L. de ahora en adelante ESCAPE FOREST, S.L.<\/p><p>c\/ Pere II, 45 Bajos 2<\/p><p>08600 Berga (Barcelona)<\/p><p>CIF.-B-65461014<\/p><p>Inscrita en el Registro Mercantil de Barcelona, tomo: 42312, folio 98, hoja 403329<\/p><p>inscripci\u00f3n 1 Tel.: 639688757<\/p><p><strong>3. Derechos y obligaciones del prestador de los servicios<\/strong><\/p><p>3.a).- Como proveedor del servicio, ESCAPE FOREST, S.L. se encuentra obligada a prestar los servicios ofertados por ESTE MEDIO Y\/O ENTORNO DIGITAL, a garantizar eficazmente el secreto de las comunicaciones que pudieran existir con el usuario as\u00ed como a responder a las reclamaciones que eventualmente pudieran plantearse.<\/p><p>3.b).- En caso de efectuar operaciones de mantenimiento, reparaci\u00f3n, actualizaci\u00f3n o mejora de los servicios, ESCAPE FOREST, S.L. tiene el derecho a suspender temporalmente y sin necesidad de preaviso la accesibilidad a ESTE MEDIO Y\/O ENTORNO DIGITAL, as\u00ed como a reservarse el derecho de prestaci\u00f3n o cancelaci\u00f3n de los servicios, sin perjuicio de lo cual procurar\u00e1 ponerlo en conocimiento de los usuarios, siempre que las circunstancias as\u00ed se lo permitan.<\/p><p>3.c).- ESCAPE FOREST S.L. no garantiza, directa o indirectamente, la informaci\u00f3n o los servicios ofrecidos, salvo aquellas garant\u00edas que en virtud de las leyes aplicables deban ser otorgadas o que queden expl\u00edcitamente descritas en un acuerdo entre esta sociedad y el usuario.<\/p><p>ESCAPE FOREST S.L.. no garantiza el contenido suministrado, en su caso, por terceras partes, ni garantiza la veracidad, fiabilidad, precisi\u00f3n, oportunidad o conveniencia de la informaci\u00f3n suministrada para el destino que los usuarios o cualquier otra persona hagan de la misma.<\/p><p>3.d).- Los derechos de propiedad intelectual sobre ESTE MEDIO Y\/O ENTORNO DIGITAL son titularidad de ESCAPE FOREST S.L. El ejercicio exclusivo de los derechos de reproducci\u00f3n, distribuci\u00f3n, comunicaci\u00f3n p\u00fablica y transformaci\u00f3n pertenecen a la citada compa\u00f1\u00eda.<\/p><p><strong>4. Derechos y obligaciones del usuario<\/strong><\/p><p>4.a).- El usuario, con el fin de registrarse en ESTE MEDIO Y\/O ENTORNO DIGITAL, deber\u00e1 introducir un nombre de usuario y una contrase\u00f1a (o password) que ser\u00e1n las claves de acceso habitual. El usuario ser\u00e1 responsable de la custodia de su nombre de usuario y contrase\u00f1a, respondiendo del mal uso que, como consecuencia de la infracci\u00f3n de su deber de custodia, pudiera hacer un tercero.<\/p><p>4.b).- En todo momento, el usuario debe realizar un uso l\u00edcito de los servicios de ESTE MEDIO Y\/O ENTORNO DIGITAL de acuerdo con la legalidad vigente, respetando los derechos de propiedad intelectual de ESCAPE FOREST S.L. o terceros.<\/p><p>En este sentido, el usuario garantiza que las actividades que desarrolle a trav\u00e9s de ESTE MEDIO Y\/O ENTORNO DIGITAL se adecuar\u00e1n a la ley, la moral, el orden p\u00fablico, las buenas costumbres y en ning\u00fan caso resultar\u00e1n ofensivas para el buen nombre e imagen comercial de ESCAPE FOREST S.L.<\/p><p>4.c).- El usuario no realizar\u00e1 a trav\u00e9s de los servicios que pone a su disposici\u00f3n ESCAPE FOREST S.L. ninguna acci\u00f3n que cause da\u00f1o o alteraciones de los contenidos, ni obstaculizar\u00e1 el buen funcionamiento de ESTE MEDIO Y\/O ENTORNO DIGITAL, no causando problemas t\u00e9cnicos de cualquier \u00edndole, no transfiriendo elementos susceptibles de portar virus inform\u00e1ticos o de da\u00f1ar, interferir o interceptar total o parcialmente A ESTE MEDIO Y\/O ENTORNO DIGITAL, as\u00ed como a no intervenir o alterar el correo electr\u00f3nico de otros usuarios.<\/p><p>4.d).- La responsabilidad del usuario sobre la veracidad de los datos introducidos es exclusiva, por lo que en caso de haber facilitado datos falsos o inexactos, ESCAPE FOREST S.L.. se reserva el derecho a prohibirle el acceso a ESTE MEDIO Y\/O ENTORNO DIGITAL.<\/p><p><strong>5. Exclusi\u00f3n de garant\u00edas y de responsabilidad por el funcionamiento de este medio y\/o entorno digital y de sus servicios.<\/strong><\/p><p>5.a).- ESCAPE FOREST S.L. no garantiza la disponibilidad y continuidad del funcionamiento de ESTE MEDIO Y\/O ENTORNO DIGITAL y de sus servicios.<\/p><p>De esta forma, se excluye cualquier responsabilidad por los da\u00f1os y perjuicios de cualquier naturaleza que puedan deberse a la falta de disponibilidad o de continuidad del funcionamiento de ESTE MEDIO Y\/O ENTORNO DIGITAL y de sus servicios y la utilidad que los usuarios hubieran podido atribuir a ESTE MEDIO Y\/O ENTORNO DIGITAL.<\/p><p>En cualquier caso, ESCAPE FOREST S.L. realizar\u00e1 sus mejores esfuerzos de cara a mantener la disponibilidad continuada de ESTE MEDIO Y\/O ENTORNO DIGITAL.<\/p><p>5.b).- ESCAPE FOREST. pone a disposici\u00f3n de los usuarios los sistemas de privacidad de datos personales que impidan el acceso a los mismos por parte de terceros no autorizados. ESCAPE FOREST S.L. \u00a0ha implantado todas las medidas de seguridad t\u00e9cnicas y organizativas necesarias que garanticen la integridad, confidencialidad y disponibilidad de los datos personales facilitados por el usuario.<\/p><p>5.c).- Pese a que ESCAPE FOREST S.L. ha implantado todas aquellas medidas de seguridad adecuadas para garantizar la seguridad en esta materia, no controla ni garantiza la ausencia de virus ni de otros elementos en los contenidos de ESTE MEDIO Y\/O ENTORNO DIGITAL que puedan producir alteraciones en el sistema inform\u00e1tico (software y hardware) del usuario o en los documentos electr\u00f3nicos y ficheros almacenados en su sistema inform\u00e1tico.<\/p><p>ESCAPE FOREST S.L. se exime de cualquier responsabilidad por los da\u00f1os y perjuicios de toda naturaleza que puedan deberse a la presencia de virus en los contenidos que puedan producir alteraciones en el sistema inform\u00e1tico, documentos electr\u00f3nicos, ficheros etc.<\/p><p>5.d).- ESCAPE FOREST S.L. no tiene obligaci\u00f3n y no controla la utilizaci\u00f3n que los usuarios hacen de ESTE MEDIO Y\/O ENTORNO DIGITAL, de los servicios y de sus contenidos. En particular, esta sociedad no garantiza que los usuarios utilicen ESTE MEDIO Y\/O ENTORNO DIGITAL, sus servicios y sus contenidos de conformidad con estos T\u00e9rminos y Condiciones Generales y, en su caso, las Condiciones Particulares que resulten de aplicaci\u00f3n, ni que lo hagan de forma diligente y prudente.<\/p><p>Esta sociedad tampoco tiene la obligaci\u00f3n de verificar, y no verifica, la identidad de los usuarios, ni la veracidad, vigencia, exhaustividad y\/o autenticidad de los datos que los mismos proporcionan sobre s\u00ed a otros usuarios.<\/p><p><strong>6. Propiedad intelectual<\/strong><\/p><p>Todos los derechos sobre el contenido de ESTE MEDIO Y\/O ENTORNO DIGITAL pertenecen a ESCAPE FOREST, S.L. salvo aqu\u00e9llos de empresas con las que haya firmado el correspondiente contrato para la provisi\u00f3n de contenidos y est\u00e1n protegidos por las normas nacionales e internacionales de propiedad intelectual e industrial.<\/p><p>El dise\u00f1o, im\u00e1genes, mapas, gr\u00e1ficos, marcas, r\u00f3tulos, signos distintivos o logos de ESCAPE FOREST, S.L., frames, banners, el software y sus distintos c\u00f3digos fuente y objeto, etc. de ESTE MEDIO Y\/O ENTORNO DIGITAL son titularidad de ESCAPE FOREST, S.L., que posee leg\u00edtimamente en exclusiva los derechos de explotaci\u00f3n sobre los mismos.<\/p><p>El usuario que acceda a ESTE MEDIO Y\/O ENTORNO DIGITAL no puede copiar, modificar, distribuir, transmitir, reproducir, publicar, ceder, vender los elementos anteriormente mencionados o crear nuevos productos o servicios derivados de la informaci\u00f3n obtenida.<\/p><p>\u00danicamente queda autorizada la visualizaci\u00f3n y carga para el uso personal y no comercial del usuario, sin que pueda hacerlo extensivo a terceras personas o entidades.<\/p><p>En el caso de gr\u00e1ficos o dise\u00f1os que aparezcan en ESTE MEDIO Y\/O ENTORNO DIGITAL cuyo titularidad sean empresas colaboradoras de ESCAPE FOREST. les ser\u00e1n de aplicaci\u00f3n, igualmente, las presentes condiciones, salvo pacto en contrario.<\/p><p>Queda terminantemente prohibida la alteraci\u00f3n de ESTE MEDIO Y\/O ENTORNO DIGITAL por parte del usuario y que pueda afectar a su contenido, tales como v\u00ednculos (o links) y similares.<\/p><p>ESCAPE FOREST, S.L. velar\u00e1 para que los contenidos de ESTE MEDIO Y\/O ENTORNO DIGITAL no tengan car\u00e1cter pornogr\u00e1fico, xen\u00f3fobo, discriminatorio, racista, difamatorio o que no fomenten la violencia. Del mismo modo procurar\u00e1 evitar cualquier circunstancia que pueda ser perjudicial para los usuarios.<\/p><p><strong>7. Protecci\u00f3n de datos de car\u00e1cter personal<\/strong><\/p><p>Toda la informaci\u00f3n sobre el tratamiento de datos de car\u00e1cter personal est\u00e1 recogida y detallada en la\u00a0<strong>Pol\u00edtica de Protecci\u00f3n de datos<\/strong>.<\/p><p>Sin perjuicio de ello se informa:<\/p><p>7.a) Para acceder a y\/o utilizar algunos de los Servicios es necesario que los Usuarios proporcionen previamente a ESCAPE FOREST S.L. ciertos datos de car\u00e1cter personal (en adelante, los \u201cDatos Personales\u201d), que ESCAPE FOREST, S.L. tratar\u00e1 e incorporar\u00e1 a un fichero automatizado, con las finalidades que en cada caso correspondan, aunque fundamentalmente los datos que el usuario facilite a ESCAPE FOREST, S.L. tienen como finalidad prestar los servicio de ESTE MEDIO Y\/O ENTORNO DIGITAL.<\/p><p>7.b) Todas estas circunstancias ser\u00e1n previa y debidamente advertidas por ESCAPE FOREST, S.L. a los Usuarios, en los casos y en la forma en que ello resulta legalmente exigible.<\/p><p>7.c) Si el Usuario facilita datos de car\u00e1cter personal de terceras personas, informar\u00e1 a dichos terceros del contenido de los datos facilitados, de la existencia y finalidad del fichero donde se contienen sus datos, de la posibilidad de ejercitar los derechos, identificar\u00e1 a ESCAPE FOREST, S.L. y deber\u00e1 obtener el consentimiento de dicho tercero para comunicar los datos de \u00e9ste A ESCAPE FOREST S.L.<\/p><p>7.d) ESCAPE FOREST, S.L. garantiza que ha adoptado las medidas oportunas de seguridad en sus instalaciones, sistemas y ficheros. Asimismo, ESCAPE FOREST, S.L. garantiza la confidencialidad de los Datos Personales. Ello no obstante, ESCAPE FOREST, S.L. revelar\u00e1 a las autoridades p\u00fablicas competentes los Datos Personales y cualquier otra informaci\u00f3n que est\u00e9 en su poder o sea accesible a trav\u00e9s de sus sistemas y sea requerida de conformidad con las disposiciones legales y reglamentarias aplicables al caso.<\/p><p>7.c) Los Usuarios tienen reconocidos y podr\u00e1n ejercitar los derechos de acceso, supresi\u00f3n, rectificaci\u00f3n, limitaci\u00f3n, oponerse a su tratamiento, revocar su consentimiento o solicitar la portabilidad de sus datos, contactando con ESCAPE FOREST, S.L siguiendo el procedimiento para el ejercicio de derechos descrito a tal efecto en la Pol\u00edtica de Protecci\u00f3n de Datos.<\/p><p>ESCAPE FOREST, S.L. ha adquirido desde un principio un serio compromiso a fin de garantizar la seguridad en todas sus transacciones comerciales.<\/p><p>Por este motivo, el sistema de Comercio Electr\u00f3nico utilizado por esta sociedad se encuentra alojado en un Servidor Seguro, certificaci\u00f3n obtenida y avalada, de forma que todo env\u00edo de informaci\u00f3n confidencial se realiza de forma segura, mediante el sistema avanzado de encriptaci\u00f3n de datos SSL. (Secure Socket Layer).<\/p><p>El usuario puede conocer que se encuentra en una zona segura cuando la URL cambia de https:\/\/ a https:\/\/, visualizando adem\u00e1s un candado cerrado en la parte inferior del navegador. De esta forma, todos los datos que se env\u00eden a partir de ese momento viajar\u00e1n totalmente encriptados, garantizando la total seguridad de las transacciones.<\/p><p><strong>8. Cookies<\/strong><\/p><p>Toda la informaci\u00f3n sobre el uso que hace ESTE MEDIO Y\/O ENTORNO DIGITAL de cookies est\u00e1 recogida y detallada en la\u00a0<u>Pol\u00edtica de Cookies<\/u>.<\/p><p><strong>9. V\u00ednculos o enlaces hipertextuales<\/strong><\/p><p>No se podr\u00e1 establecer ning\u00fan v\u00ednculo al Portal desde cualquier otra A ESTE MEDIO Y\/O ENTORNO DIGITAL sin el previo y expreso consentimiento de ESCAPE FOREST, S.L.<\/p><p>En el supuesto de que ESTE MEDIO Y\/O ENTORNO DIGITAL pudiera contener v\u00ednculos o enlaces con otros portales o medios no gestionados por ESCAPE FOREST, S.L., esta sociedad manifiesta que no ejerce control alguno sobre dichos portales, sitios, medios o entornos digitales, ni es responsable del contenido de los mismos. Los links que ESTE MEDIO Y\/O ENTORNO DIGITAL pudiera contener se ofrecer\u00e1n, \u00fanicamente, a modo de referencias informativas, sin ning\u00fan tipo de valoraci\u00f3n sobre los contenidos, propietarios, servicios o productos ofrecidos desde los mismos.<\/p><p><strong>10. Nulidad e ineficacia de las cl\u00e1usulas<\/strong><\/p><p>Si cualquier cl\u00e1usula de los presentes T\u00e9rminos y Condiciones de navegaci\u00f3n y uso de ESTE MEDIO Y\/O ENTORNO DIGITAL de ESCAPE FOREST, S.L. fuese declarada total o parcialmente nula o ineficaz afectar\u00e1 tan solo a dicha disposici\u00f3n o parte de la misma que resulte nula o ineficaz subsistiendo en todo lo dem\u00e1s, el resto de condiciones generales y teni\u00e9ndose tal disposici\u00f3n o la parte de la misma que resulte afectada por no puesta salvo que, por resultar esencial a las presentes condiciones generales, hubiese de afectarlas de forma integral.<\/p><p><strong>11. Ley aplicable y jurisdicci\u00f3n<\/strong><\/p><p>Estos T\u00e9rminos y Condiciones de uso y navegaci\u00f3n as\u00ed como cualquier relaci\u00f3n entre el usuario y ESCAPE FOREST, S.L. se regir\u00e1n por la legislaci\u00f3n espa\u00f1ola.<\/p><p>Para cualquier litigio derivado de la existencia o contenido de los presentes T\u00e9rminos y Condiciones o de las relaciones entre el usuario y ESCAPE FOREST, S.L. ambas partes se someten a la jurisdicci\u00f3n y competencia de los Juzgados y Tribunales que legalmente correspondan.<\/p><p>Para mayor informaci\u00f3n, puede ponerse en\u00a0<a href=\"https:\/\/www.escapeforest.es\/ca\/contacto\/\">contacto<\/a> con el equipo de Escape Forest.<\/p>\t\t\t\t\t\t<\/div>\n\t\t\t\t<\/div>\n\t\t\t\t\t<\/div>\n\t\t<\/div>\n\t\t\t\t\t\t\t<\/div>\n\t\t<\/section>\n\t\t\t\t\t\t\t<\/div>","protected":false},"excerpt":{"rendered":"<p>Aviso Legal Introducci\u00f3n. El acceso a ESTE MEDIO Y\/O ENTORNO DIGITAL se encuentra condicionado a la previa lectura y aceptaci\u00f3n por parte de cualquier usuario de los t\u00e9rminos, condiciones, comunicaciones, advertencias y dem\u00e1s avisos legales contenidos en el presente clausulado. \u00a0 Si el usuario no estuviera de acuerdo con el contenido de los presentes T\u00e9rminos [&hellip;]<\/p>","protected":false},"author":1,"featured_media":0,"parent":0,"menu_order":0,"comment_status":"closed","ping_status":"closed","template":"","meta":{"footnotes":""},"class_list":["post-2772","page","type-page","status-publish","hentry"],"jetpack_sharing_enabled":true,"_links":{"self":[{"href":"https:\/\/www.escapeforest.es\/ca\/wp-json\/wp\/v2\/pages\/2772"}],"collection":[{"href":"https:\/\/www.escapeforest.es\/ca\/wp-json\/wp\/v2\/pages"}],"about":[{"href":"https:\/\/www.escapeforest.es\/ca\/wp-json\/wp\/v2\/types\/page"}],"author":[{"embeddable":true,"href":"https:\/\/www.escapeforest.es\/ca\/wp-json\/wp\/v2\/users\/1"}],"replies":[{"embeddable":true,"href":"https:\/\/www.escapeforest.es\/ca\/wp-json\/wp\/v2\/comments?post=2772"}],"version-history":[{"count":10,"href":"https:\/\/www.escapeforest.es\/ca\/wp-json\/wp\/v2\/pages\/2772\/revisions"}],"predecessor-version":[{"id":3190,"href":"https:\/\/www.escapeforest.es\/ca\/wp-json\/wp\/v2\/pages\/2772\/revisions\/3190"}],"wp:attachment":[{"href":"https:\/\/www.escapeforest.es\/ca\/wp-json\/wp\/v2\/media?parent=2772"}],"curies":[{"name":"wp","href":"https:\/\/api.w.org\/{rel}","templated":true}]}}