{"id":3649,"date":"2023-12-19T11:41:31","date_gmt":"2023-12-19T11:41:31","guid":{"rendered":"https:\/\/www.escapeforest.es\/?page_id=3649"},"modified":"2023-12-19T16:19:45","modified_gmt":"2023-12-19T16:19:45","slug":"team-building","status":"publish","type":"page","link":"https:\/\/www.escapeforest.es\/ca\/team-building\/","title":{"rendered":"Team-Building"},"content":{"rendered":"<div data-elementor-type=\"wp-page\" data-elementor-id=\"3649\" class=\"elementor elementor-3649\">\n\t\t\t\t\t\t\t\t\t<section class=\"elementor-section elementor-top-section elementor-element elementor-element-dbed24e elementor-section-full_width elementor-section-stretched elementor-section-height-default elementor-section-height-default\" data-id=\"dbed24e\" data-element_type=\"section\" data-settings=\"{&quot;stretch_section&quot;:&quot;section-stretched&quot;}\">\n\t\t\t\t\t\t<div class=\"elementor-container elementor-column-gap-no\">\n\t\t\t\t\t<div class=\"elementor-column elementor-col-100 elementor-top-column elementor-element elementor-element-c18c33d\" data-id=\"c18c33d\" data-element_type=\"column\">\n\t\t\t<div class=\"elementor-widget-wrap elementor-element-populated\">\n\t\t\t\t\t\t\t\t<div class=\"elementor-element elementor-element-2cbace4 elementor-widget__width-inherit elementor-widget elementor-widget-heading\" data-id=\"2cbace4\" data-element_type=\"widget\" data-widget_type=\"heading.default\">\n\t\t\t\t<div class=\"elementor-widget-container\">\n\t\t\t<h2 class=\"elementor-heading-title elementor-size-default\">ESCAPE FOREST PARA EMPRESAS<\/h2>\t\t<\/div>\n\t\t\t\t<\/div>\n\t\t\t\t\t<\/div>\n\t\t<\/div>\n\t\t\t\t\t\t\t<\/div>\n\t\t<\/section>\n\t\t\t\t<section class=\"elementor-section elementor-top-section elementor-element elementor-element-070879d elementor-section-full_width elementor-section-stretched elementor-section-height-default elementor-section-height-default\" data-id=\"070879d\" data-element_type=\"section\" data-settings=\"{&quot;stretch_section&quot;:&quot;section-stretched&quot;,&quot;background_background&quot;:&quot;gradient&quot;}\">\n\t\t\t\t\t\t\t<div class=\"elementor-background-overlay\"><\/div>\n\t\t\t\t\t\t\t<div class=\"elementor-container elementor-column-gap-default\">\n\t\t\t\t\t<div class=\"elementor-column elementor-col-100 elementor-top-column elementor-element elementor-element-063fdd0\" data-id=\"063fdd0\" data-element_type=\"column\">\n\t\t\t<div class=\"elementor-widget-wrap\">\n\t\t\t\t\t\t\t\t\t<\/div>\n\t\t<\/div>\n\t\t\t\t\t\t\t<\/div>\n\t\t<\/section>\n\t\t\t\t<section class=\"elementor-section elementor-top-section elementor-element elementor-element-c4face6 elementor-section-height-full elementor-section-items-stretch elementor-section-stretched elementor-section-boxed elementor-section-height-default\" data-id=\"c4face6\" data-element_type=\"section\" data-settings=\"{&quot;stretch_section&quot;:&quot;section-stretched&quot;,&quot;background_background&quot;:&quot;classic&quot;}\">\n\t\t\t\t\t\t<div class=\"elementor-container elementor-column-gap-default\">\n\t\t\t\t\t<div class=\"elementor-column elementor-col-100 elementor-top-column elementor-element elementor-element-2ae24c2\" data-id=\"2ae24c2\" data-element_type=\"column\">\n\t\t\t<div class=\"elementor-widget-wrap elementor-element-populated\">\n\t\t\t\t\t\t\t\t<div class=\"elementor-element elementor-element-6a7bf77 elementor-widget elementor-widget-heading\" data-id=\"6a7bf77\" data-element_type=\"widget\" data-widget_type=\"heading.default\">\n\t\t\t\t<div class=\"elementor-widget-container\">\n\t\t\t<h2 class=\"elementor-heading-title elementor-size-default\">\u00daNICOS EN ESPA\u00d1A<\/h2>\t\t<\/div>\n\t\t\t\t<\/div>\n\t\t\t\t<div class=\"elementor-element elementor-element-6d91ba6 elementor-widget elementor-widget-text-editor\" data-id=\"6d91ba6\" data-element_type=\"widget\" data-widget_type=\"text-editor.default\">\n\t\t\t\t<div class=\"elementor-widget-container\">\n\t\t\t\t\t\t\t<p>Escape Forest presenta una experiencia <strong>\u00fanica en Espa\u00f1a.<\/strong><\/p><p>Un escape room convencional es una magn\u00edfica actividad de aventura de realidad alternativa con cierta inmersi\u00f3n con un sinf\u00edn de pruebas de car\u00e1cter l\u00f3gico cuya propuesta no suele superar los 70min.<\/p><p>Beneficios de actividades escape:<\/p><ul><li><strong>Conocimiento interpersonal<\/strong> entre los jugadores: Los jugadores resuelven pruebas conjuntamente descubri\u00e9ndose en un entorno fuera de su vida profesional y este punto realmente sorprende.<\/li><li><strong>Motivaci\u00f3n grupal<\/strong>: Aumenta el esp\u00edritu competitivo y la cohesi\u00f3n grupal<\/li><li><strong>Resoluci\u00f3n de problemas:<\/strong> Frente a un problema desconocido se requiere de soluciones inmediatas y creativas, y estas situaciones se entrenan para poder llegar a acuerdos m\u00e1s \u00f3ptimos en situaciones de problemas que pudieran surgir durante la jornada laboral.<\/li><\/ul><p>\u00a0<\/p>\t\t\t\t\t\t<\/div>\n\t\t\t\t<\/div>\n\t\t\t\t<div class=\"elementor-element elementor-element-b28534a elementor-view-default elementor-widget elementor-widget-icon\" data-id=\"b28534a\" data-element_type=\"widget\" data-widget_type=\"icon.default\">\n\t\t\t\t<div class=\"elementor-widget-container\">\n\t\t\t\t\t<div class=\"elementor-icon-wrapper\">\n\t\t\t<div class=\"elementor-icon\">\n\t\t\t<i aria-hidden=\"true\" class=\"fas fa-tree\"><\/i>\t\t\t<\/div>\n\t\t<\/div>\n\t\t\t\t<\/div>\n\t\t\t\t<\/div>\n\t\t\t\t\t<\/div>\n\t\t<\/div>\n\t\t\t\t\t\t\t<\/div>\n\t\t<\/section>\n\t\t\t\t\t\t\t<\/div>","protected":false},"excerpt":{"rendered":"<p>ESCAPE FOREST PARA EMPRESAS \u00daNICOS EN ESPA\u00d1A Escape Forest presenta una experiencia \u00fanica en Espa\u00f1a. Un escape room convencional es una magn\u00edfica actividad de aventura de realidad alternativa con cierta inmersi\u00f3n con un sinf\u00edn de pruebas de car\u00e1cter l\u00f3gico cuya propuesta no suele superar los 70min. Beneficios de actividades escape: Conocimiento interpersonal entre los jugadores: [&hellip;]<\/p>","protected":false},"author":1,"featured_media":0,"parent":0,"menu_order":0,"comment_status":"closed","ping_status":"closed","template":"","meta":{"footnotes":""},"class_list":["post-3649","page","type-page","status-publish","hentry"],"jetpack_sharing_enabled":true,"_links":{"self":[{"href":"https:\/\/www.escapeforest.es\/ca\/wp-json\/wp\/v2\/pages\/3649"}],"collection":[{"href":"https:\/\/www.escapeforest.es\/ca\/wp-json\/wp\/v2\/pages"}],"about":[{"href":"https:\/\/www.escapeforest.es\/ca\/wp-json\/wp\/v2\/types\/page"}],"author":[{"embeddable":true,"href":"https:\/\/www.escapeforest.es\/ca\/wp-json\/wp\/v2\/users\/1"}],"replies":[{"embeddable":true,"href":"https:\/\/www.escapeforest.es\/ca\/wp-json\/wp\/v2\/comments?post=3649"}],"version-history":[{"count":28,"href":"https:\/\/www.escapeforest.es\/ca\/wp-json\/wp\/v2\/pages\/3649\/revisions"}],"predecessor-version":[{"id":3695,"href":"https:\/\/www.escapeforest.es\/ca\/wp-json\/wp\/v2\/pages\/3649\/revisions\/3695"}],"wp:attachment":[{"href":"https:\/\/www.escapeforest.es\/ca\/wp-json\/wp\/v2\/media?parent=3649"}],"curies":[{"name":"wp","href":"https:\/\/api.w.org\/{rel}","templated":true}]}}