{"id":4079,"date":"2024-12-01T12:07:49","date_gmt":"2024-12-01T12:07:49","guid":{"rendered":"https:\/\/www.escapeforest.es\/?page_id=4079"},"modified":"2025-12-03T10:14:30","modified_gmt":"2025-12-03T10:14:30","slug":"regala-una-aventura-unica","status":"publish","type":"page","link":"https:\/\/www.escapeforest.es\/ca\/regala-una-aventura-unica\/","title":{"rendered":"Regala una Aventura \u00danica"},"content":{"rendered":"<div data-elementor-type=\"wp-page\" data-elementor-id=\"4079\" class=\"elementor elementor-4079\">\n\t\t\t\t\t\t\t\t\t<section class=\"elementor-section elementor-top-section elementor-element elementor-element-44779c12 elementor-section-boxed elementor-section-height-default elementor-section-height-default\" data-id=\"44779c12\" data-element_type=\"section\">\n\t\t\t\t\t\t<div class=\"elementor-container elementor-column-gap-default\">\n\t\t\t\t\t<div class=\"elementor-column elementor-col-100 elementor-top-column elementor-element elementor-element-1374cf35\" data-id=\"1374cf35\" data-element_type=\"column\">\n\t\t\t<div class=\"elementor-widget-wrap elementor-element-populated\">\n\t\t\t\t\t\t\t\t<div class=\"elementor-element elementor-element-1d5b7e5f elementor-widget elementor-widget-heading\" data-id=\"1d5b7e5f\" data-element_type=\"widget\" data-widget_type=\"heading.default\">\n\t\t\t\t<div class=\"elementor-widget-container\">\n\t\t\t<h2 class=\"elementor-heading-title elementor-size-default\">El Regalo Perfecto para Aventureros\n\n<\/h2>\t\t<\/div>\n\t\t\t\t<\/div>\n\t\t\t\t<div class=\"elementor-element elementor-element-2bba540b elementor-widget elementor-widget-image\" data-id=\"2bba540b\" data-element_type=\"widget\" data-widget_type=\"image.default\">\n\t\t\t\t<div class=\"elementor-widget-container\">\n\t\t\t\t\t\t\t\t\t\t\t\t\t\t\t<img decoding=\"async\" width=\"214\" height=\"210\" src=\"https:\/\/www.escapeforest.es\/wp-content\/uploads\/2021\/01\/logo-petit-escapeforest.jpg\" class=\"attachment-large size-large wp-image-15\" alt=\"\" \/>\t\t\t\t\t\t\t\t\t\t\t\t\t\t\t<\/div>\n\t\t\t\t<\/div>\n\t\t\t\t<div class=\"elementor-element elementor-element-1296ebb7 elementor-widget elementor-widget-text-editor\" data-id=\"1296ebb7\" data-element_type=\"widget\" data-widget_type=\"text-editor.default\">\n\t\t\t\t<div class=\"elementor-widget-container\">\n\t\t\t\t\t\t\t<p><em>Sorprende a tus seres queridos con una experiencia inolvidable. Ya sea para un aniversario, Navidad, una despedida o cualquier celebraci\u00f3n especial, regala momentos \u00fanicos llenos de emoci\u00f3n y diversi\u00f3n en Escape Forest.&nbsp;<\/em><\/p>\n<p><em><b>\u00a1Un regalo que quedar\u00e1 para siempre en la memoria!<\/b><\/em><\/p>\n<p><em>Resolviendo misterios en el bosque o participando en actividades dise\u00f1adas para empresas, cada reto est\u00e1 pensado para ofrecer diversi\u00f3n, ingenio y adrenalina para todos los p\u00fablicos.<\/em><\/p>\n<p><em>Prep\u00e1rate para vivir momentos que quedar\u00e1n en tu memoria para siempre.<\/em><\/p>\t\t\t\t\t\t<\/div>\n\t\t\t\t<\/div>\n\t\t\t\t<div class=\"elementor-element elementor-element-2e3a9673 elementor-align-center elementor-widget elementor-widget-button\" data-id=\"2e3a9673\" data-element_type=\"widget\" data-widget_type=\"button.default\">\n\t\t\t\t<div class=\"elementor-widget-container\">\n\t\t\t\t\t<div class=\"elementor-button-wrapper\">\n\t\t\t<a class=\"elementor-button elementor-button-link elementor-size-md\" href=\"https:\/\/api.whatsapp.com\/send?phone=+34691720788&#038;text=%F0%9F%8E%81%20Me%20gustar%C3%ADa%20Regalar%20una%20Experiencia\">\n\t\t\t\t\t\t<span class=\"elementor-button-content-wrapper\">\n\t\t\t\t\t\t<span class=\"elementor-button-icon elementor-align-icon-left\">\n\t\t\t\t<i aria-hidden=\"true\" class=\"far fa-calendar-alt\"><\/i>\t\t\t<\/span>\n\t\t\t\t\t\t<span class=\"elementor-button-text\">\u00a1Regala una experiencia!<\/span>\n\t\t<\/span>\n\t\t\t\t\t<\/a>\n\t\t<\/div>\n\t\t\t\t<\/div>\n\t\t\t\t<\/div>\n\t\t\t\t\t<\/div>\n\t\t<\/div>\n\t\t\t\t\t\t\t<\/div>\n\t\t<\/section>\n\t\t\t\t<section class=\"elementor-section elementor-top-section elementor-element elementor-element-c9c040c elementor-section-boxed elementor-section-height-default elementor-section-height-default\" data-id=\"c9c040c\" data-element_type=\"section\">\n\t\t\t\t\t\t<div class=\"elementor-container elementor-column-gap-default\">\n\t\t\t\t\t<div class=\"elementor-column elementor-col-50 elementor-top-column elementor-element elementor-element-2a523e1\" data-id=\"2a523e1\" data-element_type=\"column\">\n\t\t\t<div class=\"elementor-widget-wrap elementor-element-populated\">\n\t\t\t\t\t\t\t\t<div class=\"elementor-element elementor-element-5d4dfc4 elementor-widget elementor-widget-image\" data-id=\"5d4dfc4\" data-element_type=\"widget\" data-widget_type=\"image.default\">\n\t\t\t\t<div class=\"elementor-widget-container\">\n\t\t\t\t\t\t\t\t\t\t\t\t\t\t\t<img fetchpriority=\"high\" decoding=\"async\" width=\"540\" height=\"540\" src=\"https:\/\/www.escapeforest.es\/wp-content\/uploads\/2024\/12\/Pack-SCOUT-Escape-Forest-1.png\" class=\"attachment-large size-large wp-image-4113\" alt=\"\" srcset=\"https:\/\/www.escapeforest.es\/wp-content\/uploads\/2024\/12\/Pack-SCOUT-Escape-Forest-1.png 540w, https:\/\/www.escapeforest.es\/wp-content\/uploads\/2024\/12\/Pack-SCOUT-Escape-Forest-1-300x300.png 300w, https:\/\/www.escapeforest.es\/wp-content\/uploads\/2024\/12\/Pack-SCOUT-Escape-Forest-1-150x150.png 150w, https:\/\/www.escapeforest.es\/wp-content\/uploads\/2024\/12\/Pack-SCOUT-Escape-Forest-1-12x12.png 12w, https:\/\/www.escapeforest.es\/wp-content\/uploads\/2024\/12\/Pack-SCOUT-Escape-Forest-1-450x450.png 450w, https:\/\/www.escapeforest.es\/wp-content\/uploads\/2024\/12\/Pack-SCOUT-Escape-Forest-1-100x100.png 100w\" sizes=\"(max-width: 540px) 100vw, 540px\" \/>\t\t\t\t\t\t\t\t\t\t\t\t\t\t\t<\/div>\n\t\t\t\t<\/div>\n\t\t\t\t\t<\/div>\n\t\t<\/div>\n\t\t\t\t<div class=\"elementor-column elementor-col-50 elementor-top-column elementor-element elementor-element-06b2b85\" data-id=\"06b2b85\" data-element_type=\"column\">\n\t\t\t<div class=\"elementor-widget-wrap elementor-element-populated\">\n\t\t\t\t\t\t\t\t<div class=\"elementor-element elementor-element-61a513d5 elementor-widget elementor-widget-image\" data-id=\"61a513d5\" data-element_type=\"widget\" data-widget_type=\"image.default\">\n\t\t\t\t<div class=\"elementor-widget-container\">\n\t\t\t\t\t\t\t\t\t\t\t\t\t\t\t<img decoding=\"async\" width=\"540\" height=\"540\" src=\"https:\/\/www.escapeforest.es\/wp-content\/uploads\/2024\/12\/Pack-SURVIVAL-Escape-Forest-1.png\" class=\"attachment-large size-large wp-image-4114\" alt=\"\" srcset=\"https:\/\/www.escapeforest.es\/wp-content\/uploads\/2024\/12\/Pack-SURVIVAL-Escape-Forest-1.png 540w, https:\/\/www.escapeforest.es\/wp-content\/uploads\/2024\/12\/Pack-SURVIVAL-Escape-Forest-1-300x300.png 300w, https:\/\/www.escapeforest.es\/wp-content\/uploads\/2024\/12\/Pack-SURVIVAL-Escape-Forest-1-150x150.png 150w, https:\/\/www.escapeforest.es\/wp-content\/uploads\/2024\/12\/Pack-SURVIVAL-Escape-Forest-1-12x12.png 12w, https:\/\/www.escapeforest.es\/wp-content\/uploads\/2024\/12\/Pack-SURVIVAL-Escape-Forest-1-450x450.png 450w, https:\/\/www.escapeforest.es\/wp-content\/uploads\/2024\/12\/Pack-SURVIVAL-Escape-Forest-1-100x100.png 100w\" sizes=\"(max-width: 540px) 100vw, 540px\" \/>\t\t\t\t\t\t\t\t\t\t\t\t\t\t\t<\/div>\n\t\t\t\t<\/div>\n\t\t\t\t\t<\/div>\n\t\t<\/div>\n\t\t\t\t\t\t\t<\/div>\n\t\t<\/section>\n\t\t\t\t<section class=\"elementor-section elementor-top-section elementor-element elementor-element-b4f34c0 elementor-section-height-min-height elementor-section-boxed elementor-section-height-default elementor-section-items-middle\" data-id=\"b4f34c0\" data-element_type=\"section\" data-settings=\"{&quot;background_background&quot;:&quot;classic&quot;}\">\n\t\t\t\t\t\t<div class=\"elementor-container elementor-column-gap-default\">\n\t\t\t\t\t<div class=\"elementor-column elementor-col-100 elementor-top-column elementor-element elementor-element-217294cc\" data-id=\"217294cc\" data-element_type=\"column\">\n\t\t\t<div class=\"elementor-widget-wrap elementor-element-populated\">\n\t\t\t\t\t\t\t\t<div class=\"elementor-element elementor-element-58364d09 elementor-widget elementor-widget-heading\" data-id=\"58364d09\" data-element_type=\"widget\" data-widget_type=\"heading.default\">\n\t\t\t\t<div class=\"elementor-widget-container\">\n\t\t\t<h2 class=\"elementor-heading-title elementor-size-default\">\u00a1RESERVA YA TU FECHA!<\/h2>\t\t<\/div>\n\t\t\t\t<\/div>\n\t\t\t\t<div class=\"elementor-element elementor-element-2aa2a2c7 elementor-widget elementor-widget-html\" data-id=\"2aa2a2c7\" data-element_type=\"widget\" id=\"PRECIO\" data-widget_type=\"html.default\">\n\t\t\t\t<div class=\"elementor-widget-container\">\n\t\t\t<div id=\"app\" data-type=\"coupon\" data-game=\"0\" data-company=\"93\" data-textstyle=\"Dark|Light\" data-calendar=\"1\" data-lang=\"es\" data-token=\"hijudoLbwzDXx8Wa\"><\/div>\n<script>\n    document.addEventListener(\"DOMContentLoaded\", function () {\n        var script = document.createElement(\"script\");\n        script.type = \"text\/javascript\";\n        script.src = \"https:\/\/erdpanel.com\/dist\/build.js?v=\" + Date.now();\n        document.body.appendChild(script);\n    });\n<\/script>\n\n\t\t<\/div>\n\t\t\t\t<\/div>\n\t\t\t\t\t<\/div>\n\t\t<\/div>\n\t\t\t\t\t\t\t<\/div>\n\t\t<\/section>\n\t\t\t\t\t\t\t<\/div>","protected":false},"excerpt":{"rendered":"<p>El Regalo Perfecto para Aventureros Sorprende a tus seres queridos con una experiencia inolvidable. Ya sea para un aniversario, Navidad, una despedida o cualquier celebraci\u00f3n especial, regala momentos \u00fanicos llenos de emoci\u00f3n y diversi\u00f3n en Escape Forest.&nbsp; \u00a1Un regalo que quedar\u00e1 para siempre en la memoria! Resolviendo misterios en el bosque o participando en actividades [&hellip;]<\/p>","protected":false},"author":14,"featured_media":0,"parent":0,"menu_order":0,"comment_status":"closed","ping_status":"closed","template":"elementor_header_footer","meta":{"footnotes":""},"class_list":["post-4079","page","type-page","status-publish","hentry"],"jetpack_sharing_enabled":true,"_links":{"self":[{"href":"https:\/\/www.escapeforest.es\/ca\/wp-json\/wp\/v2\/pages\/4079"}],"collection":[{"href":"https:\/\/www.escapeforest.es\/ca\/wp-json\/wp\/v2\/pages"}],"about":[{"href":"https:\/\/www.escapeforest.es\/ca\/wp-json\/wp\/v2\/types\/page"}],"author":[{"embeddable":true,"href":"https:\/\/www.escapeforest.es\/ca\/wp-json\/wp\/v2\/users\/14"}],"replies":[{"embeddable":true,"href":"https:\/\/www.escapeforest.es\/ca\/wp-json\/wp\/v2\/comments?post=4079"}],"version-history":[{"count":25,"href":"https:\/\/www.escapeforest.es\/ca\/wp-json\/wp\/v2\/pages\/4079\/revisions"}],"predecessor-version":[{"id":4259,"href":"https:\/\/www.escapeforest.es\/ca\/wp-json\/wp\/v2\/pages\/4079\/revisions\/4259"}],"wp:attachment":[{"href":"https:\/\/www.escapeforest.es\/ca\/wp-json\/wp\/v2\/media?parent=4079"}],"curies":[{"name":"wp","href":"https:\/\/api.w.org\/{rel}","templated":true}]}}